{"id":2798,"date":"2025-12-03T10:48:37","date_gmt":"2025-12-03T09:48:37","guid":{"rendered":"https:\/\/alpshop.rgf.bg.ac.rs\/?page_id=2798"},"modified":"2026-04-01T19:31:51","modified_gmt":"2026-04-01T17:31:51","slug":"ft3-serbian-carpathians","status":"publish","type":"page","link":"https:\/\/alpshop.rgf.bg.ac.rs\/?page_id=2798","title":{"rendered":"FT3 \u2013 Serbian Carpathians"},"content":{"rendered":"\n<div class=\"wp-block-uagb-container uagb-block-ae0bc409 alignfull uagb-is-root-container\"><div class=\"uagb-container-inner-blocks-wrap\">\n<div class=\"wp-block-uagb-advanced-heading uagb-block-8a1eebc0\"><h1 class=\"uagb-heading-text\">Field Trips<\/h1><\/div>\n<\/div><\/div>\n\n\n\n<div class=\"wp-block-uagb-container uagb-block-b902251e alignfull uagb-is-root-container\"><div class=\"uagb-container-inner-blocks-wrap\">\n<div class=\"wp-block-uagb-container uagb-block-a57fc956 alignfull uagb-is-root-container\"><div class=\"uagb-container-inner-blocks-wrap\">\n<div class=\"wp-block-uagb-container uagb-block-82663714 alignfull uagb-is-root-container\"><div class=\"uagb-container-inner-blocks-wrap\">\n<div class=\"wp-block-uagb-container uagb-block-f54a091d alignfull uagb-is-root-container\"><div class=\"uagb-container-inner-blocks-wrap\">\n<div class=\"wp-block-uagb-container uagb-block-f8ec2bd3 alignfull uagb-is-root-container\"><div class=\"uagb-container-inner-blocks-wrap\">\n<div class=\"wp-block-uagb-advanced-heading uagb-block-e874992d\"><h4 class=\"uagb-heading-text\">Pre-Meeting Field Trip FT3: One-Day Field Excursion through the Serbian Carpathians: Preliminary Proposal<\/h4><\/div>\n\n\n\n<div class=\"wp-block-uagb-image aligncenter uagb-block-2d710799 wp-block-uagb-image--layout-default wp-block-uagb-image--effect-static wp-block-uagb-image--align-center\"><figure class=\"wp-block-uagb-image__figure\"><img decoding=\"async\" srcset=\"https:\/\/alpshop.rgf.bg.ac.rs\/wp-content\/uploads\/2025\/12\/FT3-Carpathians-2-1024x525.jpg ,https:\/\/alpshop.rgf.bg.ac.rs\/wp-content\/uploads\/2025\/12\/FT3-Carpathians-2.jpg 780w, https:\/\/alpshop.rgf.bg.ac.rs\/wp-content\/uploads\/2025\/12\/FT3-Carpathians-2.jpg 360w\" sizes=\"auto, (max-width: 480px) 150px\" src=\"https:\/\/alpshop.rgf.bg.ac.rs\/wp-content\/uploads\/2025\/12\/FT3-Carpathians-2-1024x525.jpg\" alt=\"\" class=\"uag-image-3045\" width=\"1024\" height=\"525\" title=\"FT3-Carpathians-2\" loading=\"lazy\" role=\"img\"\/><\/figure><\/div>\n\n\n\n<div class=\"wp-block-columns is-layout-flex wp-container-core-columns-is-layout-28f84493 wp-block-columns-is-layout-flex\">\n<div class=\"wp-block-column is-layout-flow wp-block-column-is-layout-flow\">\n<div class=\"wp-block-uagb-advanced-heading uagb-block-9bfac5c5\"><h2 class=\"uagb-heading-text\">Field Trip Details<\/h2><\/div>\n\n\n\n<p><strong>Contact person:<\/strong><br>Uro\u0161 Stojadinovi\u0107 (<a href=\"mailto:uros.stojadinovic@rgf.bg.ac.rs\">uros.stojadinovic@rgf.bg.ac.rs<\/a>)<\/p>\n\n\n\n<p><strong>Leaders:<\/strong><br>Uro\u0161 Stojadinovi\u0107, Maja Male\u0161, Nikola Ran\u0111elovi\u0107<\/p>\n\n\n\n<p><strong>Duration:<\/strong><br>2 days<br>14 September 2026 (16:00) \u2013 15 September 2026 (19:00)<\/p>\n\n\n\n<p><strong>Departure \/ final point:<\/strong><br>Belgrade \u2013 Donji Milanovac \u2013 Po\u017earevac \u2013 Vrdnik<\/p>\n\n\n\n<p><strong>Price:<\/strong><br>120 \u20ac (single room)<\/p>\n\n\n\n<p><strong>Deadline:<\/strong> 30 May 2026<\/p>\n\n\n\n<p><strong>Participants:<\/strong><br>Minimum 20, maximum 30<\/p>\n<\/div>\n\n\n\n<div class=\"wp-block-column is-layout-flow wp-block-column-is-layout-flow\">\n<div class=\"wp-block-uagb-advanced-heading uagb-block-48076506\"><h2 class=\"uagb-heading-text\">Description<\/h2><\/div>\n\n\n\n<p>The Serbian Carpathians represent a segment of the Carpatho-Balkanides orogenic system in southeastern Europe. From west to east, the thrusted orogenic sequence of the Serbian Carpathians comprises segments of the Supragetic and Getic Units, as parts of the Dacia mega-unit; the ophiolite-bearing Ceahl\u0103u-Severin Unit; and the Danubian Unit, which originated from the Moesian foreland. This two-day field trip (14\u201315 September 2026) will provide an overview of the structural, stratigraphic, and magmatic relationships between the principal tectonic units of the Serbian Carpathians along a geological transect through the Danube River Gorge.<\/p>\n\n\n\n<p><\/p>\n<\/div>\n<\/div>\n\n\n\n<p><\/p>\n<\/div><\/div>\n<\/div><\/div>\n<\/div><\/div>\n<\/div><\/div>\n<\/div><\/div>\n","protected":false},"excerpt":{"rendered":"<p>Field Trips Pre-Meeting Field Trip FT3: One-Day Field Excursion through the Serbian Carpathians: Preliminary Proposal Field Trip Details Contact person:Uro\u0161 Stojadinovi\u0107 (uros.stojadinovic@rgf.bg.ac.rs) Leaders:Uro\u0161 Stojadinovi\u0107, Maja Male\u0161, Nikola Ran\u0111elovi\u0107 Duration:2 days14 September 2026 (16:00) \u2013 15 September 2026 (19:00) Departure \/ final point:Belgrade \u2013 Donji Milanovac \u2013 Po\u017earevac \u2013 Vrdnik Price:120 \u20ac (single room) Deadline: 30 [&hellip;]<\/p>\n","protected":false},"author":1,"featured_media":0,"parent":2791,"menu_order":0,"comment_status":"closed","ping_status":"closed","template":"","meta":{"_uag_custom_page_level_css":"","site-sidebar-layout":"no-sidebar","site-content-layout":"page-builder","ast-site-content-layout":"full-width-container","site-content-style":"unboxed","site-sidebar-style":"unboxed","ast-global-header-display":"","ast-banner-title-visibility":"","ast-main-header-display":"","ast-hfb-above-header-display":"","ast-hfb-below-header-display":"","ast-hfb-mobile-header-display":"","site-post-title":"disabled","ast-breadcrumbs-content":"","ast-featured-img":"disabled","footer-sml-layout":"","ast-disable-related-posts":"","theme-transparent-header-meta":"enabled","adv-header-id-meta":"","stick-header-meta":"","header-above-stick-meta":"","header-main-stick-meta":"","header-below-stick-meta":"","astra-migrate-meta-layouts":"set","ast-page-background-enabled":"default","ast-page-background-meta":{"desktop":{"background-color":"var(--ast-global-color-4)","background-image":"","background-repeat":"repeat","background-position":"center center","background-size":"auto","background-attachment":"scroll","background-type":"","background-media":"","overlay-type":"","overlay-color":"","overlay-opacity":"","overlay-gradient":""},"tablet":{"background-color":"","background-image":"","background-repeat":"repeat","background-position":"center center","background-size":"auto","background-attachment":"scroll","background-type":"","background-media":"","overlay-type":"","overlay-color":"","overlay-opacity":"","overlay-gradient":""},"mobile":{"background-color":"","background-image":"","background-repeat":"repeat","background-position":"center center","background-size":"auto","background-attachment":"scroll","background-type":"","background-media":"","overlay-type":"","overlay-color":"","overlay-opacity":"","overlay-gradient":""}},"ast-content-background-meta":{"desktop":{"background-color":"var(--ast-global-color-5)","background-image":"","background-repeat":"repeat","background-position":"center center","background-size":"auto","background-attachment":"scroll","background-type":"","background-media":"","overlay-type":"","overlay-color":"","overlay-opacity":"","overlay-gradient":""},"tablet":{"background-color":"var(--ast-global-color-5)","background-image":"","background-repeat":"repeat","background-position":"center center","background-size":"auto","background-attachment":"scroll","background-type":"","background-media":"","overlay-type":"","overlay-color":"","overlay-opacity":"","overlay-gradient":""},"mobile":{"background-color":"var(--ast-global-color-5)","background-image":"","background-repeat":"repeat","background-position":"center center","background-size":"auto","background-attachment":"scroll","background-type":"","background-media":"","overlay-type":"","overlay-color":"","overlay-opacity":"","overlay-gradient":""}},"footnotes":""},"class_list":["post-2798","page","type-page","status-publish","hentry"],"uagb_featured_image_src":{"full":false,"thumbnail":false,"medium":false,"medium_large":false,"large":false,"1536x1536":false,"2048x2048":false},"uagb_author_info":{"display_name":"alp_admin","author_link":"https:\/\/alpshop.rgf.bg.ac.rs\/?author=1"},"uagb_comment_info":0,"uagb_excerpt":"Field Trips Pre-Meeting Field Trip FT3: One-Day Field Excursion through the Serbian Carpathians: Preliminary Proposal Field Trip Details Contact person:Uro\u0161 Stojadinovi\u0107 (uros.stojadinovic@rgf.bg.ac.rs) Leaders:Uro\u0161 Stojadinovi\u0107, Maja Male\u0161, Nikola Ran\u0111elovi\u0107 Duration:2 days14 September 2026 (16:00) \u2013 15 September 2026 (19:00) Departure \/ final point:Belgrade \u2013 Donji Milanovac \u2013 Po\u017earevac \u2013 Vrdnik Price:120 \u20ac (single room) Deadline: 30&hellip;","_links":{"self":[{"href":"https:\/\/alpshop.rgf.bg.ac.rs\/index.php?rest_route=\/wp\/v2\/pages\/2798","targetHints":{"allow":["GET"]}}],"collection":[{"href":"https:\/\/alpshop.rgf.bg.ac.rs\/index.php?rest_route=\/wp\/v2\/pages"}],"about":[{"href":"https:\/\/alpshop.rgf.bg.ac.rs\/index.php?rest_route=\/wp\/v2\/types\/page"}],"author":[{"embeddable":true,"href":"https:\/\/alpshop.rgf.bg.ac.rs\/index.php?rest_route=\/wp\/v2\/users\/1"}],"replies":[{"embeddable":true,"href":"https:\/\/alpshop.rgf.bg.ac.rs\/index.php?rest_route=%2Fwp%2Fv2%2Fcomments&post=2798"}],"version-history":[{"count":18,"href":"https:\/\/alpshop.rgf.bg.ac.rs\/index.php?rest_route=\/wp\/v2\/pages\/2798\/revisions"}],"predecessor-version":[{"id":3250,"href":"https:\/\/alpshop.rgf.bg.ac.rs\/index.php?rest_route=\/wp\/v2\/pages\/2798\/revisions\/3250"}],"up":[{"embeddable":true,"href":"https:\/\/alpshop.rgf.bg.ac.rs\/index.php?rest_route=\/wp\/v2\/pages\/2791"}],"wp:attachment":[{"href":"https:\/\/alpshop.rgf.bg.ac.rs\/index.php?rest_route=%2Fwp%2Fv2%2Fmedia&parent=2798"}],"curies":[{"name":"wp","href":"https:\/\/api.w.org\/{rel}","templated":true}]}}