{"id":2800,"date":"2025-12-03T10:49:00","date_gmt":"2025-12-03T09:49:00","guid":{"rendered":"https:\/\/alpshop.rgf.bg.ac.rs\/?page_id=2800"},"modified":"2026-04-01T19:32:54","modified_gmt":"2026-04-01T17:32:54","slug":"ft4-vardar-mega-suture-zone","status":"publish","type":"page","link":"https:\/\/alpshop.rgf.bg.ac.rs\/?page_id=2800","title":{"rendered":"FT4 \u2013 Vardar Mega Suture Zone"},"content":{"rendered":"\n<div class=\"wp-block-uagb-container uagb-block-ae0bc409 alignfull uagb-is-root-container\"><div class=\"uagb-container-inner-blocks-wrap\">\n<div class=\"wp-block-uagb-advanced-heading uagb-block-8a1eebc0\"><h1 class=\"uagb-heading-text\">Field Trips<\/h1><\/div>\n<\/div><\/div>\n\n\n\n<div class=\"wp-block-uagb-container uagb-block-857c2e4d alignfull uagb-is-root-container\"><div class=\"uagb-container-inner-blocks-wrap\">\n<div class=\"wp-block-uagb-container uagb-block-b902251e alignfull uagb-is-root-container\"><div class=\"uagb-container-inner-blocks-wrap\">\n<div class=\"wp-block-uagb-container uagb-block-a57fc956 alignfull uagb-is-root-container\"><div class=\"uagb-container-inner-blocks-wrap\">\n<div class=\"wp-block-uagb-container uagb-block-82663714 alignfull uagb-is-root-container\"><div class=\"uagb-container-inner-blocks-wrap\">\n<div class=\"wp-block-uagb-container uagb-block-f54a091d alignfull uagb-is-root-container\"><div class=\"uagb-container-inner-blocks-wrap\">\n<div class=\"wp-block-uagb-container uagb-block-f8ec2bd3 alignfull uagb-is-root-container\"><div class=\"uagb-container-inner-blocks-wrap\">\n<div class=\"wp-block-uagb-advanced-heading uagb-block-e874992d\"><h4 class=\"uagb-heading-text\">Post-Meeting Field Trip FT4: TRANSECT THROUGH VARDAR MEGA SUTURE ZONE<\/h4><\/div>\n\n\n\n<div class=\"wp-block-uagb-image aligncenter uagb-block-2d710799 wp-block-uagb-image--layout-default wp-block-uagb-image--effect-static wp-block-uagb-image--align-center\"><figure class=\"wp-block-uagb-image__figure\"><img decoding=\"async\" srcset=\"https:\/\/alpshop.rgf.bg.ac.rs\/wp-content\/uploads\/2025\/12\/FT4-Vardar-ilustracija-1024x525.jpg ,https:\/\/alpshop.rgf.bg.ac.rs\/wp-content\/uploads\/2025\/12\/FT4-Vardar-ilustracija.jpg 780w, https:\/\/alpshop.rgf.bg.ac.rs\/wp-content\/uploads\/2025\/12\/FT4-Vardar-ilustracija.jpg 360w\" sizes=\"auto, (max-width: 480px) 150px\" src=\"https:\/\/alpshop.rgf.bg.ac.rs\/wp-content\/uploads\/2025\/12\/FT4-Vardar-ilustracija-1024x525.jpg\" alt=\"\" class=\"uag-image-3050\" width=\"1024\" height=\"525\" title=\"FT4-Vardar ilustracija\" loading=\"lazy\" role=\"img\"\/><\/figure><\/div>\n\n\n\n<div class=\"wp-block-columns is-layout-flex wp-container-core-columns-is-layout-28f84493 wp-block-columns-is-layout-flex\">\n<div class=\"wp-block-column is-layout-flow wp-block-column-is-layout-flow\">\n<div class=\"wp-block-uagb-advanced-heading uagb-block-9bfac5c5\"><h2 class=\"uagb-heading-text\">Field Trip Details<\/h2><\/div>\n\n\n\n<p><strong>Contact person:<\/strong><br>Dejan Prelevi\u0107 (<a href=\"mailto:dejan.prelevic@rgf.bg.ac.rs\">dejan.prelevic@rgf.bg.ac.rs<\/a>)<\/p>\n\n\n\n<p><strong>Leaders:<\/strong><br>Dejan Prelevi\u0107, Ana Mladenovi\u0107, Kristijan Sokol<\/p>\n\n\n\n<p><strong>Duration\/Date:<\/strong><br>3 days<br>19 September 2026 &#8211; 21 September 2026<\/p>\n\n\n\n<p><strong>Departure \/ final point:<\/strong><br>Vrdnik &#8211; Brze\u0107e\/Kopaonik &#8211; Zlatar\/Zlatibor &#8211; Bistrica\/Priboj &#8211; &nbsp;Belgrade<\/p>\n\n\n\n<p><strong>Price:<\/strong><br>340 EUR (double room)<\/p>\n\n\n\n<p><strong>Deadline:<\/strong> 30 May 2026<\/p>\n\n\n\n<p><strong>Participants:<\/strong><br>Minimum 16, maximum 36<\/p>\n<\/div>\n\n\n\n<div class=\"wp-block-column is-layout-flow wp-block-column-is-layout-flow\">\n<div class=\"wp-block-uagb-advanced-heading uagb-block-48076506\"><h2 class=\"uagb-heading-text\">Description<\/h2><\/div>\n\n\n\n<p>Although the Mesozoic evolution of the central Balkan Peninsula has been extensively studied, key questions remain regarding the number of oceanic domains and the timing of the final closure of the Neotethys Ocean. In particular, there is ongoing debate as to whether Neotethys closed in the latest Jurassic\u2013earliest Cretaceous, or whether a remnant ocean \u2014 the so-called Sava Ocean \u2014 persisted until the latest Cretaceous.<\/p>\n\n\n\n<p>This three-day field excursion will cross the former suture zone from the European margin toward the Adriatic (African) plate. Participants will examine ophiolites accreted to the European continental margin, ophiolites obducted onto the Adriatic passive margin, ophiolitic m\u00e9langes, and overstep sequences that provide crucial constraints for reconstructing the region\u2019s geodynamic history.<\/p>\n\n\n\n<p>The excursion begins at Fru\u0161ka Gora, with the first stops located in outcrops of the Eastern Vardar Ophiolitic Belt &#8211; a unit accreted to the European margin and representing the westernmost part of the Carpatho-Balkan orogen during Alpine orogenesis. We will observe characteristic Eastern Vardar ophiolitic lithologies, as well as their predominantly Lower Cretaceous sedimentary cover, commonly referred to in the regional literature as the paraflysch unit.<\/p>\n\n\n\n<p>Across the suture zone, our excursion will gradually transition onto the former passive margin of Adria. Here, the suture is marked by an unusual turbiditic succession containing brecciated ophiolitic fragments incorporated as clasts within Scaglia-type limestones \u2014 a key indicator of late-stage tectonic mixing and sedimentation.<\/p>\n\n\n\n<p>Further along the Adriatic margin, participants will be able to see the basement of Adriatic-derived units and examine deformation structures associated with the closure of the Neotethys Ocean and the subsequent nappe stacking during collision between the Adriatic microcontinent and continental units of European affinity. A significant portion of the excursion will be devoted to examining various expressions of the Western Vardar ophiolites, including metamorphic soles, tectonic m\u00e9langes, and large peridotite bodies \u2014 all essential for understanding the contrasting styles of ophiolite emplacement along the convergent margin.<\/p>\n<\/div>\n<\/div>\n\n\n\n<p><\/p>\n<\/div><\/div>\n<\/div><\/div>\n<\/div><\/div>\n<\/div><\/div>\n<\/div><\/div>\n<\/div><\/div>\n","protected":false},"excerpt":{"rendered":"<p>Field Trips Post-Meeting Field Trip FT4: TRANSECT THROUGH VARDAR MEGA SUTURE ZONE Field Trip Details Contact person:Dejan Prelevi\u0107 (dejan.prelevic@rgf.bg.ac.rs) Leaders:Dejan Prelevi\u0107, Ana Mladenovi\u0107, Kristijan Sokol Duration\/Date:3 days19 September 2026 &#8211; 21 September 2026 Departure \/ final point:Vrdnik &#8211; Brze\u0107e\/Kopaonik &#8211; Zlatar\/Zlatibor &#8211; Bistrica\/Priboj &#8211; &nbsp;Belgrade Price:340 EUR (double room) Deadline: 30 May 2026 Participants:Minimum 16, [&hellip;]<\/p>\n","protected":false},"author":1,"featured_media":0,"parent":2791,"menu_order":0,"comment_status":"closed","ping_status":"closed","template":"","meta":{"_uag_custom_page_level_css":"","site-sidebar-layout":"no-sidebar","site-content-layout":"page-builder","ast-site-content-layout":"full-width-container","site-content-style":"unboxed","site-sidebar-style":"unboxed","ast-global-header-display":"","ast-banner-title-visibility":"","ast-main-header-display":"","ast-hfb-above-header-display":"","ast-hfb-below-header-display":"","ast-hfb-mobile-header-display":"","site-post-title":"disabled","ast-breadcrumbs-content":"","ast-featured-img":"disabled","footer-sml-layout":"","ast-disable-related-posts":"","theme-transparent-header-meta":"enabled","adv-header-id-meta":"","stick-header-meta":"","header-above-stick-meta":"","header-main-stick-meta":"","header-below-stick-meta":"","astra-migrate-meta-layouts":"set","ast-page-background-enabled":"default","ast-page-background-meta":{"desktop":{"background-color":"var(--ast-global-color-4)","background-image":"","background-repeat":"repeat","background-position":"center center","background-size":"auto","background-attachment":"scroll","background-type":"","background-media":"","overlay-type":"","overlay-color":"","overlay-opacity":"","overlay-gradient":""},"tablet":{"background-color":"","background-image":"","background-repeat":"repeat","background-position":"center center","background-size":"auto","background-attachment":"scroll","background-type":"","background-media":"","overlay-type":"","overlay-color":"","overlay-opacity":"","overlay-gradient":""},"mobile":{"background-color":"","background-image":"","background-repeat":"repeat","background-position":"center center","background-size":"auto","background-attachment":"scroll","background-type":"","background-media":"","overlay-type":"","overlay-color":"","overlay-opacity":"","overlay-gradient":""}},"ast-content-background-meta":{"desktop":{"background-color":"var(--ast-global-color-5)","background-image":"","background-repeat":"repeat","background-position":"center center","background-size":"auto","background-attachment":"scroll","background-type":"","background-media":"","overlay-type":"","overlay-color":"","overlay-opacity":"","overlay-gradient":""},"tablet":{"background-color":"var(--ast-global-color-5)","background-image":"","background-repeat":"repeat","background-position":"center center","background-size":"auto","background-attachment":"scroll","background-type":"","background-media":"","overlay-type":"","overlay-color":"","overlay-opacity":"","overlay-gradient":""},"mobile":{"background-color":"var(--ast-global-color-5)","background-image":"","background-repeat":"repeat","background-position":"center center","background-size":"auto","background-attachment":"scroll","background-type":"","background-media":"","overlay-type":"","overlay-color":"","overlay-opacity":"","overlay-gradient":""}},"footnotes":""},"class_list":["post-2800","page","type-page","status-publish","hentry"],"uagb_featured_image_src":{"full":false,"thumbnail":false,"medium":false,"medium_large":false,"large":false,"1536x1536":false,"2048x2048":false},"uagb_author_info":{"display_name":"alp_admin","author_link":"https:\/\/alpshop.rgf.bg.ac.rs\/?author=1"},"uagb_comment_info":0,"uagb_excerpt":"Field Trips Post-Meeting Field Trip FT4: TRANSECT THROUGH VARDAR MEGA SUTURE ZONE Field Trip Details Contact person:Dejan Prelevi\u0107 (dejan.prelevic@rgf.bg.ac.rs) Leaders:Dejan Prelevi\u0107, Ana Mladenovi\u0107, Kristijan Sokol Duration\/Date:3 days19 September 2026 &#8211; 21 September 2026 Departure \/ final point:Vrdnik &#8211; Brze\u0107e\/Kopaonik &#8211; Zlatar\/Zlatibor &#8211; Bistrica\/Priboj &#8211; &nbsp;Belgrade Price:340 EUR (double room) Deadline: 30 May 2026 Participants:Minimum 16,&hellip;","_links":{"self":[{"href":"https:\/\/alpshop.rgf.bg.ac.rs\/index.php?rest_route=\/wp\/v2\/pages\/2800","targetHints":{"allow":["GET"]}}],"collection":[{"href":"https:\/\/alpshop.rgf.bg.ac.rs\/index.php?rest_route=\/wp\/v2\/pages"}],"about":[{"href":"https:\/\/alpshop.rgf.bg.ac.rs\/index.php?rest_route=\/wp\/v2\/types\/page"}],"author":[{"embeddable":true,"href":"https:\/\/alpshop.rgf.bg.ac.rs\/index.php?rest_route=\/wp\/v2\/users\/1"}],"replies":[{"embeddable":true,"href":"https:\/\/alpshop.rgf.bg.ac.rs\/index.php?rest_route=%2Fwp%2Fv2%2Fcomments&post=2800"}],"version-history":[{"count":11,"href":"https:\/\/alpshop.rgf.bg.ac.rs\/index.php?rest_route=\/wp\/v2\/pages\/2800\/revisions"}],"predecessor-version":[{"id":3251,"href":"https:\/\/alpshop.rgf.bg.ac.rs\/index.php?rest_route=\/wp\/v2\/pages\/2800\/revisions\/3251"}],"up":[{"embeddable":true,"href":"https:\/\/alpshop.rgf.bg.ac.rs\/index.php?rest_route=\/wp\/v2\/pages\/2791"}],"wp:attachment":[{"href":"https:\/\/alpshop.rgf.bg.ac.rs\/index.php?rest_route=%2Fwp%2Fv2%2Fmedia&parent=2800"}],"curies":[{"name":"wp","href":"https:\/\/api.w.org\/{rel}","templated":true}]}}