{"id":2832,"date":"2025-12-03T12:46:02","date_gmt":"2025-12-03T11:46:02","guid":{"rendered":"https:\/\/alpshop.rgf.bg.ac.rs\/?page_id=2832"},"modified":"2026-04-01T19:17:41","modified_gmt":"2026-04-01T17:17:41","slug":"committees","status":"publish","type":"page","link":"https:\/\/alpshop.rgf.bg.ac.rs\/?page_id=2832","title":{"rendered":"Committees"},"content":{"rendered":"\n<div class=\"wp-block-uagb-container uagb-block-3ad17e27 alignfull uagb-is-root-container\"><div class=\"uagb-container-inner-blocks-wrap\">\n<div class=\"wp-block-uagb-advanced-heading uagb-block-8a1eebc0\"><h1 class=\"uagb-heading-text\">Committees<\/h1><\/div>\n<\/div><\/div>\n\n\n\n<div class=\"wp-block-uagb-container uagb-block-f8ec2bd3 alignfull uagb-is-root-container\"><div class=\"uagb-container-inner-blocks-wrap\">\n<div class=\"wp-block-uagb-advanced-heading uagb-block-e874992d\"><h4 class=\"uagb-heading-text\">Both the Organizing and the Scientific Committees are fully engaged for providing good and professional organization of the meeting and for ensuring the high quality of scientific contributions.<\/h4><\/div>\n\n\n\n<div class=\"wp-block-uagb-container uagb-block-72514f6d\">\n<div class=\"wp-block-columns is-layout-flex wp-container-core-columns-is-layout-28f84493 wp-block-columns-is-layout-flex\">\n<div class=\"wp-block-column is-layout-flow wp-block-column-is-layout-flow\">\n<div class=\"wp-block-uagb-advanced-heading uagb-block-7557ec04\"><h2 class=\"uagb-heading-text\">Scientific Committee<\/h2><\/div>\n\n\n\n<p>Hans-J\u00fcrgen Gawlick (Austria)<\/p>\n\n\n\n<p>Nevena Andri\u0107 (Germany) (ECS)<\/p>\n\n\n\n<p>Paolo Conti (Italy)<\/p>\n\n\n\n<p>Giancarlo Molli (Italy)<\/p>\n\n\n\n<p>Marko Vrabec (Slovenia)<\/p>\n\n\n\n<p>Bo\u0161tjan Ro\u017ei\u010d (Slovenia)<\/p>\n\n\n\n<p>Paola Manzotti (Sweden)(ECS)<\/p>\n\n\n\n<p>Kamil Ustaszewski (Germany)<\/p>\n\n\n\n<p>Aleksandar Kunov (Switzerland)<\/p>\n\n\n\n<p>Mark Handy (Germany)<\/p>\n\n\n\n<p>Nevenka Djeri\u0107 (Serbia)<\/p>\n\n\n\n<p>Dejan Prelevi\u0107 (Serbia)<\/p>\n\n\n\n<p>Vladica Cvetkovi\u0107 (Serbia)<\/p>\n<\/div>\n\n\n\n<div class=\"wp-block-column is-layout-flow wp-block-column-is-layout-flow\">\n<div class=\"wp-block-uagb-advanced-heading uagb-block-eaf1b8ad\"><h2 class=\"uagb-heading-text\">Organizing Committee<\/h2><\/div>\n\n\n\n<p>Dejan Prelevi\u0107- President<\/p>\n\n\n\n<p>Ana Mladenovi\u0107 &#8211; General Secretary<\/p>\n\n\n\n<p>Vladica Cvetkovi\u0107<\/p>\n\n\n\n<p>Kristina \u0160ari\u0107<\/p>\n\n\n\n<p>Nevenka \u0110eri\u0107<\/p>\n\n\n\n<p>Uro\u0161 Stojadinovi\u0107<\/p>\n\n\n\n<p>Dejan Radivojevi\u0107<\/p>\n\n\n\n<p>Stefan Petrovi\u0107<\/p>\n\n\n\n<p>Bojan Kosti\u0107<\/p>\n\n\n\n<p>Milo\u0161 Veloji\u0107<\/p>\n\n\n\n<p>Aleksandar Cvjeti\u0107<\/p>\n\n\n\n<p>Uro\u0161 Djuri\u0107<\/p>\n\n\n\n<p>Nikola Stankovi\u0107<\/p>\n<\/div>\n<\/div>\n<\/div>\n<\/div><\/div>\n\n\n\n<p><\/p>\n","protected":false},"excerpt":{"rendered":"<p>Committees Both the Organizing and the Scientific Committees are fully engaged for providing good and professional organization of the meeting and for ensuring the high quality of scientific contributions. Scientific Committee Hans-J\u00fcrgen Gawlick (Austria) Nevena Andri\u0107 (Germany) (ECS) Paolo Conti (Italy) Giancarlo Molli (Italy) Marko Vrabec (Slovenia) Bo\u0161tjan Ro\u017ei\u010d (Slovenia) Paola Manzotti (Sweden)(ECS) Kamil Ustaszewski [&hellip;]<\/p>\n","protected":false},"author":1,"featured_media":0,"parent":1324,"menu_order":0,"comment_status":"closed","ping_status":"closed","template":"","meta":{"_uag_custom_page_level_css":"","site-sidebar-layout":"no-sidebar","site-content-layout":"page-builder","ast-site-content-layout":"full-width-container","site-content-style":"unboxed","site-sidebar-style":"default","ast-global-header-display":"","ast-banner-title-visibility":"","ast-main-header-display":"","ast-hfb-above-header-display":"","ast-hfb-below-header-display":"","ast-hfb-mobile-header-display":"","site-post-title":"disabled","ast-breadcrumbs-content":"","ast-featured-img":"disabled","footer-sml-layout":"","ast-disable-related-posts":"","theme-transparent-header-meta":"enabled","adv-header-id-meta":"","stick-header-meta":"","header-above-stick-meta":"","header-main-stick-meta":"","header-below-stick-meta":"","astra-migrate-meta-layouts":"set","ast-page-background-enabled":"default","ast-page-background-meta":{"desktop":{"background-color":"var(--ast-global-color-4)","background-image":"","background-repeat":"repeat","background-position":"center center","background-size":"auto","background-attachment":"scroll","background-type":"","background-media":"","overlay-type":"","overlay-color":"","overlay-opacity":"","overlay-gradient":""},"tablet":{"background-color":"","background-image":"","background-repeat":"repeat","background-position":"center center","background-size":"auto","background-attachment":"scroll","background-type":"","background-media":"","overlay-type":"","overlay-color":"","overlay-opacity":"","overlay-gradient":""},"mobile":{"background-color":"","background-image":"","background-repeat":"repeat","background-position":"center center","background-size":"auto","background-attachment":"scroll","background-type":"","background-media":"","overlay-type":"","overlay-color":"","overlay-opacity":"","overlay-gradient":""}},"ast-content-background-meta":{"desktop":{"background-color":"var(--ast-global-color-5)","background-image":"","background-repeat":"repeat","background-position":"center center","background-size":"auto","background-attachment":"scroll","background-type":"","background-media":"","overlay-type":"","overlay-color":"","overlay-opacity":"","overlay-gradient":""},"tablet":{"background-color":"var(--ast-global-color-5)","background-image":"","background-repeat":"repeat","background-position":"center center","background-size":"auto","background-attachment":"scroll","background-type":"","background-media":"","overlay-type":"","overlay-color":"","overlay-opacity":"","overlay-gradient":""},"mobile":{"background-color":"var(--ast-global-color-5)","background-image":"","background-repeat":"repeat","background-position":"center center","background-size":"auto","background-attachment":"scroll","background-type":"","background-media":"","overlay-type":"","overlay-color":"","overlay-opacity":"","overlay-gradient":""}},"footnotes":""},"class_list":["post-2832","page","type-page","status-publish","hentry"],"uagb_featured_image_src":{"full":false,"thumbnail":false,"medium":false,"medium_large":false,"large":false,"1536x1536":false,"2048x2048":false},"uagb_author_info":{"display_name":"alp_admin","author_link":"https:\/\/alpshop.rgf.bg.ac.rs\/?author=1"},"uagb_comment_info":0,"uagb_excerpt":"Committees Both the Organizing and the Scientific Committees are fully engaged for providing good and professional organization of the meeting and for ensuring the high quality of scientific contributions. Scientific Committee Hans-J\u00fcrgen Gawlick (Austria) Nevena Andri\u0107 (Germany) (ECS) Paolo Conti (Italy) Giancarlo Molli (Italy) Marko Vrabec (Slovenia) Bo\u0161tjan Ro\u017ei\u010d (Slovenia) Paola Manzotti (Sweden)(ECS) Kamil Ustaszewski&hellip;","_links":{"self":[{"href":"https:\/\/alpshop.rgf.bg.ac.rs\/index.php?rest_route=\/wp\/v2\/pages\/2832","targetHints":{"allow":["GET"]}}],"collection":[{"href":"https:\/\/alpshop.rgf.bg.ac.rs\/index.php?rest_route=\/wp\/v2\/pages"}],"about":[{"href":"https:\/\/alpshop.rgf.bg.ac.rs\/index.php?rest_route=\/wp\/v2\/types\/page"}],"author":[{"embeddable":true,"href":"https:\/\/alpshop.rgf.bg.ac.rs\/index.php?rest_route=\/wp\/v2\/users\/1"}],"replies":[{"embeddable":true,"href":"https:\/\/alpshop.rgf.bg.ac.rs\/index.php?rest_route=%2Fwp%2Fv2%2Fcomments&post=2832"}],"version-history":[{"count":8,"href":"https:\/\/alpshop.rgf.bg.ac.rs\/index.php?rest_route=\/wp\/v2\/pages\/2832\/revisions"}],"predecessor-version":[{"id":3239,"href":"https:\/\/alpshop.rgf.bg.ac.rs\/index.php?rest_route=\/wp\/v2\/pages\/2832\/revisions\/3239"}],"up":[{"embeddable":true,"href":"https:\/\/alpshop.rgf.bg.ac.rs\/index.php?rest_route=\/wp\/v2\/pages\/1324"}],"wp:attachment":[{"href":"https:\/\/alpshop.rgf.bg.ac.rs\/index.php?rest_route=%2Fwp%2Fv2%2Fmedia&parent=2832"}],"curies":[{"name":"wp","href":"https:\/\/api.w.org\/{rel}","templated":true}]}}